{"id":139,"date":"2017-12-04T18:30:21","date_gmt":"2017-12-04T17:30:21","guid":{"rendered":"http:\/\/stb-drowe-burkhardt.de\/\/?page_id=139"},"modified":"2018-08-17T10:17:36","modified_gmt":"2018-08-17T08:17:36","slug":"jahresabschluesse","status":"publish","type":"page","link":"https:\/\/stb-drowe-burkhardt.de\/startseite\/jahresabschluesse\/","title":{"rendered":"Jahresabschl\u00fcsse"},"content":{"rendered":"<div class=\"wpb-content-wrapper\"><p>[vc_row css=&#8220;.vc_custom_1512404018646{margin-top: 50px !important;margin-bottom: 50px !important;}&#8220;][vc_column][vc_column_text]<\/p>\n<h1 style=\"text-align: center;\"><strong>Jahresabschl\u00fcsse<\/strong><\/h1>\n<p>[\/vc_column_text][\/vc_column][\/vc_row][vc_row][vc_column width=&#8220;1\/2&#8243;][vc_single_image image=&#8220;140&#8243; img_size=&#8220;large&#8220; alignment=&#8220;center&#8220; css_animation=&#8220;fadeIn&#8220;][\/vc_column][vc_column width=&#8220;1\/2&#8243;][vc_column_text css_animation=&#8220;fadeIn&#8220;]<\/p>\n<h2>Jahresabschl\u00fcsse nach Handels- und Steuerrecht<\/h2>\n<p>Ihr Jahresabschluss nach Handelsrecht dient grunds\u00e4tzlich der Information externer Stakeholder, wie z. B. Banken, Lieferanten und Kunden, um die Leistungsf\u00e4higkeit Ihres Unternehmens zu beurteilen. Die vorgegebene Rechtsform und die Gr\u00f6\u00dfe Ihres Unternehmens bestimmt den Umfang Ihres Jahresabschlusses (Bilanz, Gewinn- und Verlustrechnung sowie Anhang).<\/p>\n<p>Besonders Banken ben\u00f6tigen aussagef\u00e4hige Unterlagen f\u00fcr Kreditentscheidungen. Au\u00dferdem \u00fcbernehmen wir notwendige Ver\u00f6ffentlichungen bei den entsprechenden Institutionen.<br \/>\nWir erstellen diese Unterlagen f\u00fcr Sie zeit- und qualit\u00e4tsgerecht.<\/p>\n<p>Was bieten wir noch?<\/p>\n<ul>\n<li>Aufstellung des Jahresabschlusses ohne Beurteilung,\u00a0mit Plausibilit\u00e4tsbeurteilung, mit umfassenden Beurteilungen je nach Anforderung der Kreditgeber<\/li>\n<li>Elektronische \u00dcbertragung der Steuerbilanzen an das Finanzamt<\/li>\n<li>\u00dcbernahme der Offenlegungspflichten (elektronischer Bundesanzeiger)<\/li>\n<li>sonstige Abschl\u00fcsse (z. B. Er\u00f6ffnungs- oder Zwischenbilanz)<\/li>\n<li>Teilnahme an Gesellschafterversammlungen<\/li>\n<\/ul>\n<p>[\/vc_column_text][\/vc_column][\/vc_row]<\/p>\n<\/div>","protected":false},"excerpt":{"rendered":"<p>[vc_row css=&#8220;.vc_custom_1512404018646{margin-top: 50px !important;margin-bottom: 50px !important;}&#8220;][vc_column][vc_column_text] Jahresabschl\u00fcsse [\/vc_column_text][\/vc_column][\/vc_row][vc_row][vc_column width=&#8220;1\/2&#8243;][vc_single_image image=&#8220;140&#8243; img_size=&#8220;large&#8220; alignment=&#8220;center&#8220; css_animation=&#8220;fadeIn&#8220;][\/vc_column][vc_column width=&#8220;1\/2&#8243;][vc_column_text css_animation=&#8220;fadeIn&#8220;] Jahresabschl\u00fcsse nach Handels- und Steuerrecht Ihr Jahresabschluss nach Handelsrecht dient grunds\u00e4tzlich<span class=\"excerpt-hellip\"> [\u2026]<\/span><\/p>\n","protected":false},"author":1,"featured_media":0,"parent":0,"menu_order":0,"comment_status":"closed","ping_status":"closed","template":"","meta":{"footnotes":""},"class_list":["post-139","page","type-page","status-publish","hentry"],"_links":{"self":[{"href":"https:\/\/stb-drowe-burkhardt.de\/startseite\/wp-json\/wp\/v2\/pages\/139","targetHints":{"allow":["GET"]}}],"collection":[{"href":"https:\/\/stb-drowe-burkhardt.de\/startseite\/wp-json\/wp\/v2\/pages"}],"about":[{"href":"https:\/\/stb-drowe-burkhardt.de\/startseite\/wp-json\/wp\/v2\/types\/page"}],"author":[{"embeddable":true,"href":"https:\/\/stb-drowe-burkhardt.de\/startseite\/wp-json\/wp\/v2\/users\/1"}],"replies":[{"embeddable":true,"href":"https:\/\/stb-drowe-burkhardt.de\/startseite\/wp-json\/wp\/v2\/comments?post=139"}],"version-history":[{"count":5,"href":"https:\/\/stb-drowe-burkhardt.de\/startseite\/wp-json\/wp\/v2\/pages\/139\/revisions"}],"predecessor-version":[{"id":842,"href":"https:\/\/stb-drowe-burkhardt.de\/startseite\/wp-json\/wp\/v2\/pages\/139\/revisions\/842"}],"wp:attachment":[{"href":"https:\/\/stb-drowe-burkhardt.de\/startseite\/wp-json\/wp\/v2\/media?parent=139"}],"curies":[{"name":"wp","href":"https:\/\/api.w.org\/{rel}","templated":true}]}}