{"id":69,"date":"2017-11-24T10:34:10","date_gmt":"2017-11-24T09:34:10","guid":{"rendered":"http:\/\/stb-drowe-burkhardt.de\/\/?page_id=69"},"modified":"2018-08-20T10:22:27","modified_gmt":"2018-08-20T08:22:27","slug":"finanzbuchhaltung","status":"publish","type":"page","link":"https:\/\/stb-drowe-burkhardt.de\/startseite\/finanzbuchhaltung\/","title":{"rendered":"Finanzbuchhaltung"},"content":{"rendered":"<div class=\"wpb-content-wrapper\"><p>[vc_row css=&#8220;.vc_custom_1512404018646{margin-top: 50px !important;margin-bottom: 50px !important;}&#8220;][vc_column][vc_column_text]<\/p>\n<h1 style=\"text-align: center;\">Finanzbuchhaltung<\/h1>\n<p>[\/vc_column_text][\/vc_column][\/vc_row][vc_row][vc_column width=&#8220;1\/2&#8243;][vc_single_image image=&#8220;110&#8243; img_size=&#8220;full&#8220; alignment=&#8220;center&#8220; css_animation=&#8220;fadeIn&#8220;][\/vc_column][vc_column width=&#8220;1\/2&#8243;][vc_column_text css_animation=&#8220;fadeIn&#8220;]Bei uns k\u00fcmmern Sie sich um (fast) nichts!<\/p>\n<p>Auf die rechtssichere und zeitgerechte Buchung Ihrer Gesch\u00e4ftsvorf\u00e4lle k\u00f6nnen Sie sich selbstverst\u00e4ndlich verlassen. Wir erledigen professionell Ihre Finanzbuchhaltung und schaffen somit Freir\u00e4ume f\u00fcr Ihre unternehmerischen Aktivit\u00e4ten.<\/p>\n<p>Wir wahren f\u00fcr Sie immer p\u00fcnktlich die steuerrechtlichen Anforderungen und vermeiden \u00c4rger mit dem Finanzamt.<br \/>\nDie Grundlage f\u00fcr die betriebswirtschaftliche Steuerung Ihres Betriebes sowie Finanzierungsentscheidungen bilden aussagef\u00e4hige Auswertungen.<br \/>\nDie Zusammenarbeit zwischen Ihnen und uns ist eine gute Alternative zwischen den ausschlie\u00dflichen Wegen, die Finanzbuchhaltung extern oder intern anzufertigen.<\/p>\n<p>Sie m\u00f6chten Ihre Unterlagen nicht aus der Hand geben?<br \/>\nWir erarbeiten mit Ihnen zusammen individuelle L\u00f6sungen, von der elektronischen \u00dcbermittlung Ihrer Buchhaltung bis hin zu einer In-Haus-L\u00f6sung Ihrer Buchhaltung.<\/p>\n<p>Seit Jahren bietet u. a. die DATEV eG digitale L\u00f6sungen der Datenkommunikation zwischen Ihrem Unternehmen und unserer Kanzlei an.\u00a0 (www.datev.de).[\/vc_column_text][\/vc_column][\/vc_row]<\/p>\n<\/div>","protected":false},"excerpt":{"rendered":"<p>[vc_row css=&#8220;.vc_custom_1512404018646{margin-top: 50px !important;margin-bottom: 50px !important;}&#8220;][vc_column][vc_column_text] Finanzbuchhaltung [\/vc_column_text][\/vc_column][\/vc_row][vc_row][vc_column width=&#8220;1\/2&#8243;][vc_single_image image=&#8220;110&#8243; img_size=&#8220;full&#8220; alignment=&#8220;center&#8220; css_animation=&#8220;fadeIn&#8220;][\/vc_column][vc_column width=&#8220;1\/2&#8243;][vc_column_text css_animation=&#8220;fadeIn&#8220;]Bei uns k\u00fcmmern Sie sich um (fast) nichts! Auf die rechtssichere und<span class=\"excerpt-hellip\"> [\u2026]<\/span><\/p>\n","protected":false},"author":1,"featured_media":0,"parent":0,"menu_order":0,"comment_status":"closed","ping_status":"closed","template":"","meta":{"footnotes":""},"class_list":["post-69","page","type-page","status-publish","hentry"],"_links":{"self":[{"href":"https:\/\/stb-drowe-burkhardt.de\/startseite\/wp-json\/wp\/v2\/pages\/69","targetHints":{"allow":["GET"]}}],"collection":[{"href":"https:\/\/stb-drowe-burkhardt.de\/startseite\/wp-json\/wp\/v2\/pages"}],"about":[{"href":"https:\/\/stb-drowe-burkhardt.de\/startseite\/wp-json\/wp\/v2\/types\/page"}],"author":[{"embeddable":true,"href":"https:\/\/stb-drowe-burkhardt.de\/startseite\/wp-json\/wp\/v2\/users\/1"}],"replies":[{"embeddable":true,"href":"https:\/\/stb-drowe-burkhardt.de\/startseite\/wp-json\/wp\/v2\/comments?post=69"}],"version-history":[{"count":5,"href":"https:\/\/stb-drowe-burkhardt.de\/startseite\/wp-json\/wp\/v2\/pages\/69\/revisions"}],"predecessor-version":[{"id":845,"href":"https:\/\/stb-drowe-burkhardt.de\/startseite\/wp-json\/wp\/v2\/pages\/69\/revisions\/845"}],"wp:attachment":[{"href":"https:\/\/stb-drowe-burkhardt.de\/startseite\/wp-json\/wp\/v2\/media?parent=69"}],"curies":[{"name":"wp","href":"https:\/\/api.w.org\/{rel}","templated":true}]}}