{"id":70,"date":"2017-11-24T10:34:20","date_gmt":"2017-11-24T09:34:20","guid":{"rendered":"http:\/\/stb-drowe-burkhardt.de\/\/?page_id=70"},"modified":"2018-08-17T10:24:33","modified_gmt":"2018-08-17T08:24:33","slug":"steuerberatung","status":"publish","type":"page","link":"https:\/\/stb-drowe-burkhardt.de\/startseite\/steuerberatung\/","title":{"rendered":"Steuerberatung"},"content":{"rendered":"<div class=\"wpb-content-wrapper\"><p>[vc_row css=&#8220;.vc_custom_1512404018646{margin-top: 50px !important;margin-bottom: 50px !important;}&#8220;][vc_column][vc_column_text]<\/p>\n<h1 style=\"text-align: center;\">Steuerberatung<\/h1>\n<p>[\/vc_column_text][\/vc_column][\/vc_row][vc_row][vc_column width=&#8220;1\/2&#8243;][vc_single_image image=&#8220;116&#8243; img_size=&#8220;large&#8220; alignment=&#8220;center&#8220; css_animation=&#8220;fadeIn&#8220;][\/vc_column][vc_column width=&#8220;1\/2&#8243;][vc_column_text css_animation=&#8220;fadeIn&#8220;]<\/p>\n<h2>Steuerberatung f\u00fcr Ihre Firma<\/h2>\n<p>ist nicht nur Erfahrung, die aus vielen Jahren beruflicher Praxis resultiert, sondern auch die st\u00e4ndigen Weiterbildungen von allen Mitarbeiterinnen. Um planungssicher Ihre &#8222;Steuer&#8220; zu gestalten, finden wir es wichtig, dass die begleitende Steuerberatung einen wichtigen Platz bei der t\u00e4glichen Arbeit mit Ihren Gesch\u00e4ftsvorf\u00e4llen einnehmen sollte.<br \/>\nDas vermeidet Streit mit den Finanzverwaltungen und schafft Freir\u00e4ume f\u00fcr Ihre strategische Unternehmensf\u00fchrung.<br \/>\nGern nehmen wir uns die Zeit mit Ihnen zu sprechen, denn wir m\u00f6chten, dass Sie alles verstehen, was wir machen.[\/vc_column_text][\/vc_column][\/vc_row][vc_row][vc_column width=&#8220;1\/2&#8243;][vc_column_text css_animation=&#8220;fadeIn&#8220;]<\/p>\n<h2>Steuerberatung &#8211; f\u00fcr Sie als Privatperson<\/h2>\n<p>zeigen wir Wege auf, die Ihnen die steuerrechtlichen Konsequenzen bei einem Arbeitsplatzwechsel, bei einer Abfindung oder Heirat hat. Auch bei Unsicherheiten, ob Sie\u00a0als Rentner auch Steuern zu zahlen haben, sind wir Ihnen gerne behilflich.[\/vc_column_text][\/vc_column][vc_column width=&#8220;1\/2&#8243;][vc_single_image image=&#8220;633&#8243; img_size=&#8220;large&#8220; alignment=&#8220;center&#8220; css_animation=&#8220;fadeIn&#8220;][\/vc_column][\/vc_row]<\/p>\n<\/div>","protected":false},"excerpt":{"rendered":"<p>[vc_row css=&#8220;.vc_custom_1512404018646{margin-top: 50px !important;margin-bottom: 50px !important;}&#8220;][vc_column][vc_column_text] Steuerberatung [\/vc_column_text][\/vc_column][\/vc_row][vc_row][vc_column width=&#8220;1\/2&#8243;][vc_single_image image=&#8220;116&#8243; img_size=&#8220;large&#8220; alignment=&#8220;center&#8220; css_animation=&#8220;fadeIn&#8220;][\/vc_column][vc_column width=&#8220;1\/2&#8243;][vc_column_text css_animation=&#8220;fadeIn&#8220;] Steuerberatung f\u00fcr Ihre Firma ist nicht nur Erfahrung, die aus vielen<span class=\"excerpt-hellip\"> [\u2026]<\/span><\/p>\n","protected":false},"author":1,"featured_media":0,"parent":0,"menu_order":0,"comment_status":"closed","ping_status":"closed","template":"","meta":{"footnotes":""},"class_list":["post-70","page","type-page","status-publish","hentry"],"_links":{"self":[{"href":"https:\/\/stb-drowe-burkhardt.de\/startseite\/wp-json\/wp\/v2\/pages\/70","targetHints":{"allow":["GET"]}}],"collection":[{"href":"https:\/\/stb-drowe-burkhardt.de\/startseite\/wp-json\/wp\/v2\/pages"}],"about":[{"href":"https:\/\/stb-drowe-burkhardt.de\/startseite\/wp-json\/wp\/v2\/types\/page"}],"author":[{"embeddable":true,"href":"https:\/\/stb-drowe-burkhardt.de\/startseite\/wp-json\/wp\/v2\/users\/1"}],"replies":[{"embeddable":true,"href":"https:\/\/stb-drowe-burkhardt.de\/startseite\/wp-json\/wp\/v2\/comments?post=70"}],"version-history":[{"count":5,"href":"https:\/\/stb-drowe-burkhardt.de\/startseite\/wp-json\/wp\/v2\/pages\/70\/revisions"}],"predecessor-version":[{"id":844,"href":"https:\/\/stb-drowe-burkhardt.de\/startseite\/wp-json\/wp\/v2\/pages\/70\/revisions\/844"}],"wp:attachment":[{"href":"https:\/\/stb-drowe-burkhardt.de\/startseite\/wp-json\/wp\/v2\/media?parent=70"}],"curies":[{"name":"wp","href":"https:\/\/api.w.org\/{rel}","templated":true}]}}