{"id":71,"date":"2017-11-24T10:34:35","date_gmt":"2017-11-24T09:34:35","guid":{"rendered":"http:\/\/stb-drowe-burkhardt.de\/\/?page_id=71"},"modified":"2018-08-08T11:16:26","modified_gmt":"2018-08-08T09:16:26","slug":"steuererklaerung","status":"publish","type":"page","link":"https:\/\/stb-drowe-burkhardt.de\/startseite\/steuererklaerung\/","title":{"rendered":"Steuererkl\u00e4rung"},"content":{"rendered":"<div class=\"wpb-content-wrapper\"><p>[vc_row css=&#8220;.vc_custom_1512404018646{margin-top: 50px !important;margin-bottom: 50px !important;}&#8220;][vc_column][vc_column_text]<\/p>\n<h1 style=\"text-align: center;\">Steuererkl\u00e4rungen<\/h1>\n<p>[\/vc_column_text][\/vc_column][\/vc_row][vc_row][vc_column width=&#8220;1\/2&#8243;][vc_column_text]<img loading=\"lazy\" decoding=\"async\" class=\"alignnone size-large wp-image-630\" src=\"https:\/\/stb-drowe-burkhardt.de\/\/wp-content\/uploads\/2018\/06\/steuererkl\u00e4rung-1024x683.jpg\" alt=\"\" width=\"1024\" height=\"683\" srcset=\"https:\/\/stb-drowe-burkhardt.de\/wp-content\/uploads\/2018\/06\/steuererkl\u00e4rung-1024x683.jpg 1024w, https:\/\/stb-drowe-burkhardt.de\/wp-content\/uploads\/2018\/06\/steuererkl\u00e4rung-300x200.jpg 300w, https:\/\/stb-drowe-burkhardt.de\/wp-content\/uploads\/2018\/06\/steuererkl\u00e4rung-768x512.jpg 768w, https:\/\/stb-drowe-burkhardt.de\/wp-content\/uploads\/2018\/06\/steuererkl\u00e4rung-219x146.jpg 219w, https:\/\/stb-drowe-burkhardt.de\/wp-content\/uploads\/2018\/06\/steuererkl\u00e4rung-50x33.jpg 50w, https:\/\/stb-drowe-burkhardt.de\/wp-content\/uploads\/2018\/06\/steuererkl\u00e4rung-113x75.jpg 113w, https:\/\/stb-drowe-burkhardt.de\/wp-content\/uploads\/2018\/06\/steuererkl\u00e4rung.jpg 1920w\" sizes=\"auto, (max-width: 1024px) 100vw, 1024px\" \/>[\/vc_column_text][\/vc_column][vc_column width=&#8220;1\/2&#8243;][vc_column_text css_animation=&#8220;fadeIn&#8220;]<\/p>\n<h2>Steuererkl\u00e4rungen f\u00fcr Ihr Unternehmen<\/h2>\n<p>bearbeiten und erstellen wir. Dazu geh\u00f6ren laufende und j\u00e4hrliche Steuererkl\u00e4rungen sowie die verschiedenen Rechtsformen f\u00fcr.<\/p>\n<ul>\n<li>Kapitalgesellschaften<\/li>\n<li>Personengesellschaften<\/li>\n<li>Einzelunternehmungen (Gewerbetreibende, Freiberufler etc.)<\/li>\n<li>Non-Profit-Organisationen (gemeinn\u00fctzige und wirtschaftliche Bereiche)<\/li>\n<\/ul>\n<p>Die Steuererkl\u00e4rungen stehen oft am Ende einer Steuerberatung. Eine termingerechte und professionelle Herangehensweise, unter Ausnutzung steuerlicher Gestaltungsm\u00f6glichkeiten, ist selbstverst\u00e4ndlich. Ihre Vorteile dabei sind, dass Sie sich voll auf Ihre unternehmerischen Aktivit\u00e4ten konzentrieren k\u00f6nnen.[\/vc_column_text][\/vc_column][\/vc_row][vc_row][vc_column width=&#8220;1\/2&#8243;][vc_column_text css_animation=&#8220;fadeIn&#8220;]<\/p>\n<h2>Steuererkl\u00e4rungen f\u00fcr Sie als Privatperson<\/h2>\n<p>ob Sie Arbeitnehmer sind, Immobilien vermieten oder sich als Gesellschafter an Kapitalgesellschaften beteiligen. Unsere erfahrenen Mitarbeiterinnen sind mit der aktuellen Gesetzeslage und der neuesten Rechtsprechung der Finanzgerichte vertraut.<\/p>\n<p>Sie k\u00f6nnen sich auf die Beachtung g\u00fcnstiger Sachverhalte in Ihrer Steuererkl\u00e4rung verlassen. Was nicht selten vorkommt, sind Fehler beim Erlassen von Steuerbescheiden durch das Finanzamt. Dies k\u00f6nnen Sie vermeiden, indem Sie uns die Pr\u00fcfung der Steuerbescheide \u00fcberlassen.[\/vc_column_text][\/vc_column][vc_column width=&#8220;1\/2&#8243;][vc_single_image image=&#8220;131&#8243; img_size=&#8220;large&#8220; alignment=&#8220;center&#8220; css_animation=&#8220;fadeIn&#8220;][\/vc_column][\/vc_row]<\/p>\n<\/div>","protected":false},"excerpt":{"rendered":"<p>[vc_row css=&#8220;.vc_custom_1512404018646{margin-top: 50px !important;margin-bottom: 50px !important;}&#8220;][vc_column][vc_column_text] Steuererkl\u00e4rungen [\/vc_column_text][\/vc_column][\/vc_row][vc_row][vc_column width=&#8220;1\/2&#8243;][vc_column_text][\/vc_column_text][\/vc_column][vc_column width=&#8220;1\/2&#8243;][vc_column_text css_animation=&#8220;fadeIn&#8220;] Steuererkl\u00e4rungen f\u00fcr Ihr Unternehmen bearbeiten und erstellen wir. Dazu geh\u00f6ren laufende und j\u00e4hrliche Steuererkl\u00e4rungen sowie<span class=\"excerpt-hellip\"> [\u2026]<\/span><\/p>\n","protected":false},"author":1,"featured_media":0,"parent":0,"menu_order":0,"comment_status":"closed","ping_status":"closed","template":"","meta":{"footnotes":""},"class_list":["post-71","page","type-page","status-publish","hentry"],"_links":{"self":[{"href":"https:\/\/stb-drowe-burkhardt.de\/startseite\/wp-json\/wp\/v2\/pages\/71","targetHints":{"allow":["GET"]}}],"collection":[{"href":"https:\/\/stb-drowe-burkhardt.de\/startseite\/wp-json\/wp\/v2\/pages"}],"about":[{"href":"https:\/\/stb-drowe-burkhardt.de\/startseite\/wp-json\/wp\/v2\/types\/page"}],"author":[{"embeddable":true,"href":"https:\/\/stb-drowe-burkhardt.de\/startseite\/wp-json\/wp\/v2\/users\/1"}],"replies":[{"embeddable":true,"href":"https:\/\/stb-drowe-burkhardt.de\/startseite\/wp-json\/wp\/v2\/comments?post=71"}],"version-history":[{"count":5,"href":"https:\/\/stb-drowe-burkhardt.de\/startseite\/wp-json\/wp\/v2\/pages\/71\/revisions"}],"predecessor-version":[{"id":806,"href":"https:\/\/stb-drowe-burkhardt.de\/startseite\/wp-json\/wp\/v2\/pages\/71\/revisions\/806"}],"wp:attachment":[{"href":"https:\/\/stb-drowe-burkhardt.de\/startseite\/wp-json\/wp\/v2\/media?parent=71"}],"curies":[{"name":"wp","href":"https:\/\/api.w.org\/{rel}","templated":true}]}}