{"id":72,"date":"2017-11-24T10:34:43","date_gmt":"2017-11-24T09:34:43","guid":{"rendered":"http:\/\/stb-drowe-burkhardt.de\/\/?page_id=72"},"modified":"2018-08-08T11:23:44","modified_gmt":"2018-08-08T09:23:44","slug":"gruendungsberatung","status":"publish","type":"page","link":"https:\/\/stb-drowe-burkhardt.de\/startseite\/gruendungsberatung\/","title":{"rendered":"Gr\u00fcndungsberatung"},"content":{"rendered":"<div class=\"wpb-content-wrapper\"><p>[vc_row css=&#8220;.vc_custom_1512404018646{margin-top: 50px !important;margin-bottom: 50px !important;}&#8220;][vc_column][vc_column_text]<\/p>\n<h1 style=\"text-align: center;\">Gr\u00fcndungsberatung<\/h1>\n<p>[\/vc_column_text][\/vc_column][\/vc_row][vc_row][vc_column width=&#8220;1\/2&#8243;][vc_single_image image=&#8220;120&#8243; img_size=&#8220;large&#8220; alignment=&#8220;center&#8220; css_animation=&#8220;fadeIn&#8220;][\/vc_column][vc_column width=&#8220;1\/2&#8243;][vc_column_text css_animation=&#8220;fadeIn&#8220;]<\/p>\n<h2><strong>Gr\u00fcndungsberatung<\/strong><\/h2>\n<p>Eine professionelle Gr\u00fcndungsberatung f\u00f6rdert den erfolgreichen Start von Existenzgr\u00fcndern und Unternehmen.<br \/>\nWir unterst\u00fctzen Ihren individuellen Entwicklungsprozess, Ihre Gesch\u00e4ftsidee und stellen die Tragf\u00e4higkeit bzw. Umsetzbarkeit in Form eines nachhaltigen Businessplanes dar.<br \/>\nDer\u00a0 Businessplan ist die Grundlage f\u00fcr Ihren gesch\u00e4ftlichen Erfolg.<\/p>\n<p>Warum sollten Sie eine Gr\u00fcndungsberatung nutzen ?<\/p>\n<ol>\n<li>Einen klaren Ablaufrahmen zu haben<\/li>\n<li>alle wichtigen Schritte in der richtigen Reihenfolge zu gehen<\/li>\n<li>sich auf das Wesentliche zu konzentrieren<\/li>\n<li>ein Gesch\u00e4ftskonzept in Form eines Businessplan zu erstellen und zu verstehen<\/li>\n<li>eine Finanzplanung zu erstellen und zu verstehen, mit der F\u00f6rdermittel und Kredite genutzt werden k\u00f6nnen<\/li>\n<li>alle Risiken und Chancen der Gesch\u00e4ftsidee richtig einzusch\u00e4tzen<\/li>\n<li>seine Gesch\u00e4ftsidee gewinnbringend umzusetzen<\/li>\n<li>die Unternehmensstrategie zielf\u00fchrend und mit den richtigen Werkzeugen umzusetzen<\/li>\n<li>seine Existenzgr\u00fcndung sicher zu planen und erfolgreich umzusetzen<\/li>\n<\/ol>\n<p>[\/vc_column_text][\/vc_column][\/vc_row]<\/p>\n<\/div>","protected":false},"excerpt":{"rendered":"<p>[vc_row css=&#8220;.vc_custom_1512404018646{margin-top: 50px !important;margin-bottom: 50px !important;}&#8220;][vc_column][vc_column_text] Gr\u00fcndungsberatung [\/vc_column_text][\/vc_column][\/vc_row][vc_row][vc_column width=&#8220;1\/2&#8243;][vc_single_image image=&#8220;120&#8243; img_size=&#8220;large&#8220; alignment=&#8220;center&#8220; css_animation=&#8220;fadeIn&#8220;][\/vc_column][vc_column width=&#8220;1\/2&#8243;][vc_column_text css_animation=&#8220;fadeIn&#8220;] Gr\u00fcndungsberatung Eine professionelle Gr\u00fcndungsberatung f\u00f6rdert den erfolgreichen Start von Existenzgr\u00fcndern und<span class=\"excerpt-hellip\"> [\u2026]<\/span><\/p>\n","protected":false},"author":1,"featured_media":0,"parent":0,"menu_order":0,"comment_status":"closed","ping_status":"closed","template":"","meta":{"footnotes":""},"class_list":["post-72","page","type-page","status-publish","hentry"],"_links":{"self":[{"href":"https:\/\/stb-drowe-burkhardt.de\/startseite\/wp-json\/wp\/v2\/pages\/72","targetHints":{"allow":["GET"]}}],"collection":[{"href":"https:\/\/stb-drowe-burkhardt.de\/startseite\/wp-json\/wp\/v2\/pages"}],"about":[{"href":"https:\/\/stb-drowe-burkhardt.de\/startseite\/wp-json\/wp\/v2\/types\/page"}],"author":[{"embeddable":true,"href":"https:\/\/stb-drowe-burkhardt.de\/startseite\/wp-json\/wp\/v2\/users\/1"}],"replies":[{"embeddable":true,"href":"https:\/\/stb-drowe-burkhardt.de\/startseite\/wp-json\/wp\/v2\/comments?post=72"}],"version-history":[{"count":5,"href":"https:\/\/stb-drowe-burkhardt.de\/startseite\/wp-json\/wp\/v2\/pages\/72\/revisions"}],"predecessor-version":[{"id":807,"href":"https:\/\/stb-drowe-burkhardt.de\/startseite\/wp-json\/wp\/v2\/pages\/72\/revisions\/807"}],"wp:attachment":[{"href":"https:\/\/stb-drowe-burkhardt.de\/startseite\/wp-json\/wp\/v2\/media?parent=72"}],"curies":[{"name":"wp","href":"https:\/\/api.w.org\/{rel}","templated":true}]}}