{"id":73,"date":"2017-11-24T10:34:53","date_gmt":"2017-11-24T09:34:53","guid":{"rendered":"http:\/\/stb-drowe-burkhardt.de\/\/?page_id=73"},"modified":"2018-08-08T10:37:14","modified_gmt":"2018-08-08T08:37:14","slug":"lohnbuchhaltung","status":"publish","type":"page","link":"https:\/\/stb-drowe-burkhardt.de\/startseite\/lohnbuchhaltung\/","title":{"rendered":"Lohnbuchhaltung"},"content":{"rendered":"<div class=\"wpb-content-wrapper\"><p>[vc_row css=&#8220;.vc_custom_1512404018646{margin-top: 50px !important;margin-bottom: 50px !important;}&#8220;][vc_column][vc_column_text]<\/p>\n<h1 style=\"text-align: center;\"><strong>Lohnbuchhaltung<\/strong><\/h1>\n<p>[\/vc_column_text][\/vc_column][\/vc_row][vc_row][vc_column width=&#8220;1\/2&#8243;][vc_single_image image=&#8220;623&#8243; img_size=&#8220;large&#8220; alignment=&#8220;center&#8220; css_animation=&#8220;fadeIn&#8220;][\/vc_column][vc_column width=&#8220;1\/2&#8243;][vc_column_text css_animation=&#8220;fadeIn&#8220;]Die perfekte L\u00f6sung, wenn Sie sich um nichts k\u00fcmmern wollen.<\/p>\n<p>Die Lohnbuchhaltung f\u00fcr ihr Unternehmen erledigen wir mit erfahrenen Lohn-Spezialisten und unterst\u00fctzen Sie bei allen Fragen rund um das Thema Lohn- Sozialversicherungsrecht.<br \/>\nSie haben jederzeit die M\u00f6glichkeit, Informationen auf dem direktem Weg zu erhalten und k\u00f6nnen Fragen sofort kl\u00e4ren. Wir erstellen die rechtssichere Lohn- und Gehaltsabrechnungen.<br \/>\nSie kommen Ihren Verpflichtungen &#8211; Lohnzahlungen, Lohnsteuer und Beitr\u00e4gen an Sozialkassen- immer p\u00fcnktlich nach.<\/p>\n<p>Die neueste Technik sorgt f\u00fcr einen digitalen Datenaustausch mit Ihrem Unternehmen und mit der h\u00f6chsten Datensicherheit. Mit der DATEV e.G -das Rechenzentrum der Genossenschaft der Steuerberater- steht uns ein starker Partner im Bereich Lohnbuchhaltung zur Seite.[\/vc_column_text][\/vc_column][\/vc_row]<\/p>\n<\/div>","protected":false},"excerpt":{"rendered":"<p>[vc_row css=&#8220;.vc_custom_1512404018646{margin-top: 50px !important;margin-bottom: 50px !important;}&#8220;][vc_column][vc_column_text] Lohnbuchhaltung [\/vc_column_text][\/vc_column][\/vc_row][vc_row][vc_column width=&#8220;1\/2&#8243;][vc_single_image image=&#8220;623&#8243; img_size=&#8220;large&#8220; alignment=&#8220;center&#8220; css_animation=&#8220;fadeIn&#8220;][\/vc_column][vc_column width=&#8220;1\/2&#8243;][vc_column_text css_animation=&#8220;fadeIn&#8220;]Die perfekte L\u00f6sung, wenn Sie sich um nichts k\u00fcmmern wollen. Die Lohnbuchhaltung<span class=\"excerpt-hellip\"> [\u2026]<\/span><\/p>\n","protected":false},"author":1,"featured_media":0,"parent":0,"menu_order":0,"comment_status":"closed","ping_status":"closed","template":"","meta":{"footnotes":""},"class_list":["post-73","page","type-page","status-publish","hentry"],"_links":{"self":[{"href":"https:\/\/stb-drowe-burkhardt.de\/startseite\/wp-json\/wp\/v2\/pages\/73","targetHints":{"allow":["GET"]}}],"collection":[{"href":"https:\/\/stb-drowe-burkhardt.de\/startseite\/wp-json\/wp\/v2\/pages"}],"about":[{"href":"https:\/\/stb-drowe-burkhardt.de\/startseite\/wp-json\/wp\/v2\/types\/page"}],"author":[{"embeddable":true,"href":"https:\/\/stb-drowe-burkhardt.de\/startseite\/wp-json\/wp\/v2\/users\/1"}],"replies":[{"embeddable":true,"href":"https:\/\/stb-drowe-burkhardt.de\/startseite\/wp-json\/wp\/v2\/comments?post=73"}],"version-history":[{"count":5,"href":"https:\/\/stb-drowe-burkhardt.de\/startseite\/wp-json\/wp\/v2\/pages\/73\/revisions"}],"predecessor-version":[{"id":798,"href":"https:\/\/stb-drowe-burkhardt.de\/startseite\/wp-json\/wp\/v2\/pages\/73\/revisions\/798"}],"wp:attachment":[{"href":"https:\/\/stb-drowe-burkhardt.de\/startseite\/wp-json\/wp\/v2\/media?parent=73"}],"curies":[{"name":"wp","href":"https:\/\/api.w.org\/{rel}","templated":true}]}}