{"id":74,"date":"2017-11-24T10:35:06","date_gmt":"2017-11-24T09:35:06","guid":{"rendered":"http:\/\/stb-drowe-burkhardt.de\/\/?page_id=74"},"modified":"2018-08-08T11:39:47","modified_gmt":"2018-08-08T09:39:47","slug":"unternehmensnachfolge","status":"publish","type":"page","link":"https:\/\/stb-drowe-burkhardt.de\/startseite\/unternehmensnachfolge\/","title":{"rendered":"Unternehmensnachfolge"},"content":{"rendered":"<div class=\"wpb-content-wrapper\"><p>[vc_row css=&#8220;.vc_custom_1512404018646{margin-top: 50px !important;margin-bottom: 50px !important;}&#8220;][vc_column][vc_column_text]<\/p>\n<h1 style=\"text-align: center;\"><strong>Unternehmensnachfolge<\/strong><\/h1>\n<p>[\/vc_column_text][\/vc_column][\/vc_row][vc_row][vc_column width=&#8220;1\/2&#8243;][vc_column_text css_animation=&#8220;fadeIn&#8220;]Eine Unternehmensnachfolge macht man nicht zwischen Weihnachten und Silvester. Sie sollten sich Zeit nehmen- f\u00fcr so eine wichtige Entscheidung.<\/p>\n<p>Es ist eine gro\u00dfe Herausforderung f\u00fcr \u00dcbergeber, \u00dcbernehmer und Ihrem Berater. Eine gro\u00dfe Rolle spielt die Familie oder m\u00fcssen Sie sogar einen Nachfolger au\u00dferhalb der Familie finden?<\/p>\n<p>Wie erfolgt so eine \u00dcbertragung in rechtlicher und praktischer Hinsicht und was ergeben sich f\u00fcr Konsequenzen im Steuerrecht ?<br \/>\nWichtig ist die Nachfolge rechtzeitig, systematisch zu planen und abzuwickeln. Wir zeigen Ihnen Wege auf und treiben die Nachfolge in Ihrem Sinn voran. Wir organisieren den gesamten Ablauf, von der Unternehmensbewertung, Finanzierung und den Verkaufsverhandlungen.<\/p>\n<p>Sie k\u00f6nnen immer auf unsere Unterst\u00fctzung, Verl\u00e4sslichkeit und L\u00f6sungen vertrauen, die sich ausschlie\u00dflich am Ziel orientieren.[\/vc_column_text][vc_column_text css_animation=&#8220;fadeIn&#8220;]Das k\u00f6nnen wir f\u00fcr Sie tun.<\/p>\n<ul>\n<li>Rechtsform nach famili\u00e4ren, wirtschaftlichen sowie (steuer-)rechtlichen Sachverhalten w\u00e4hlen<\/li>\n<li>\u00dcbertragung im Wege der Gesamt- oder Einzelrechtsnachfolge<\/li>\n<li>steuerrechtliche Optimierung unter Beachtung weiterer rechtlicher Bedingungen durch Verkauf von einzelnen Verm\u00f6genspositionen bzw. von Gesellschaftsanteilen<\/li>\n<li>Minimierung der steuerrechtlichen Risiken f\u00fcr Verk\u00e4ufer und K\u00e4ufer<\/li>\n<\/ul>\n<p>[\/vc_column_text][\/vc_column][vc_column width=&#8220;1\/2&#8243;][vc_single_image image=&#8220;135&#8243; img_size=&#8220;large&#8220; alignment=&#8220;center&#8220; css_animation=&#8220;fadeIn&#8220;][\/vc_column][\/vc_row]<\/p>\n<\/div>","protected":false},"excerpt":{"rendered":"<p>[vc_row css=&#8220;.vc_custom_1512404018646{margin-top: 50px !important;margin-bottom: 50px !important;}&#8220;][vc_column][vc_column_text] Unternehmensnachfolge [\/vc_column_text][\/vc_column][\/vc_row][vc_row][vc_column width=&#8220;1\/2&#8243;][vc_column_text css_animation=&#8220;fadeIn&#8220;]Eine Unternehmensnachfolge macht man nicht zwischen Weihnachten und Silvester. Sie sollten sich Zeit nehmen- f\u00fcr so eine<span class=\"excerpt-hellip\"> [\u2026]<\/span><\/p>\n","protected":false},"author":1,"featured_media":0,"parent":0,"menu_order":0,"comment_status":"closed","ping_status":"closed","template":"","meta":{"footnotes":""},"class_list":["post-74","page","type-page","status-publish","hentry"],"_links":{"self":[{"href":"https:\/\/stb-drowe-burkhardt.de\/startseite\/wp-json\/wp\/v2\/pages\/74","targetHints":{"allow":["GET"]}}],"collection":[{"href":"https:\/\/stb-drowe-burkhardt.de\/startseite\/wp-json\/wp\/v2\/pages"}],"about":[{"href":"https:\/\/stb-drowe-burkhardt.de\/startseite\/wp-json\/wp\/v2\/types\/page"}],"author":[{"embeddable":true,"href":"https:\/\/stb-drowe-burkhardt.de\/startseite\/wp-json\/wp\/v2\/users\/1"}],"replies":[{"embeddable":true,"href":"https:\/\/stb-drowe-burkhardt.de\/startseite\/wp-json\/wp\/v2\/comments?post=74"}],"version-history":[{"count":5,"href":"https:\/\/stb-drowe-burkhardt.de\/startseite\/wp-json\/wp\/v2\/pages\/74\/revisions"}],"predecessor-version":[{"id":810,"href":"https:\/\/stb-drowe-burkhardt.de\/startseite\/wp-json\/wp\/v2\/pages\/74\/revisions\/810"}],"wp:attachment":[{"href":"https:\/\/stb-drowe-burkhardt.de\/startseite\/wp-json\/wp\/v2\/media?parent=74"}],"curies":[{"name":"wp","href":"https:\/\/api.w.org\/{rel}","templated":true}]}}